{"id":91275,"date":"2022-09-02T11:00:07","date_gmt":"2022-09-02T11:00:07","guid":{"rendered":"https:\/\/demo.pixelsbuilderplus.com\/?page_id=75"},"modified":"2025-10-12T01:10:39","modified_gmt":"2025-10-12T06:10:39","slug":"faqs","status":"publish","type":"page","link":"https:\/\/www.orlandomarmolejo.net\/es\/faqs\/","title":{"rendered":"Preguntas Frecuentes (FAQs)"},"content":{"rendered":"<p>[et_pb_section fb_built=&#8221;1&#8243; admin_label=&#8221;Top Inner Banner Section&#8221; module_class=&#8221;px_page_title&#8221; _builder_version=&#8221;4.27.4&#8243; _module_preset=&#8221;default&#8221; background_image=&#8221;https:\/\/www.orlandomarmolejo.net\/wp-content\/uploads\/2025\/10\/banner.png&#8221; module_alignment=&#8221;center&#8221; custom_padding=&#8221;0px||0px||true|false&#8221; hover_enabled=&#8221;0&#8243; locked=&#8221;off&#8221; global_colors_info=&#8221;{}&#8221; title_text=&#8221;banner&#8221; sticky_enabled=&#8221;0&#8243;][et_pb_row admin_label=&#8221;Top Inner Banner Row&#8221; _builder_version=&#8221;4.22.0&#8243; _module_preset=&#8221;default&#8221; background_enable_image=&#8221;off&#8221; max_width=&#8221;1200px&#8221; custom_padding=&#8221;||15px||false|false&#8221; global_colors_info=&#8221;{}&#8221;][et_pb_column type=&#8221;4_4&#8243; _builder_version=&#8221;4.18.0&#8243; _module_preset=&#8221;default&#8221; custom_padding=&#8221;0px||0px||true|false&#8221; global_colors_info=&#8221;{}&#8221;][et_pb_text admin_label=&#8221;Title Text&#8221; module_class=&#8221;px_page_title_name&#8221; _builder_version=&#8221;4.27.4&#8243; _dynamic_attributes=&#8221;content&#8221; _module_preset=&#8221;default&#8221; text_font=&#8221;|700|||||||&#8221; text_text_color=&#8221;#FFFFFF&#8221; text_font_size=&#8221;60px&#8221; text_line_height=&#8221;1.1em&#8221; width_tablet=&#8221;75%&#8221; width_phone=&#8221;100%&#8221; width_last_edited=&#8221;on|phone&#8221; hover_enabled=&#8221;0&#8243; text_font_last_edited=&#8221;off|desktop&#8221; text_font_size_tablet=&#8221;70px&#8221; text_font_size_phone=&#8221;40px&#8221; text_font_size_last_edited=&#8221;on|tablet&#8221; global_colors_info=&#8221;{}&#8221; sticky_enabled=&#8221;0&#8243; text_text_shadow_style=&#8221;preset1&#8243;]@ET-DC@eyJkeW5hbWljIjp0cnVlLCJjb250ZW50IjoicG9zdF90aXRsZSIsInNldHRpbmdzIjp7ImJlZm9yZSI6IiIsImFmdGVyIjoiIn19@[\/et_pb_text][\/et_pb_column][\/et_pb_row][et_pb_row _builder_version=&#8221;4.22.0&#8243; _module_preset=&#8221;default&#8221; background_enable_color=&#8221;off&#8221; max_width=&#8221;1200px&#8221; custom_padding=&#8221;0px||0px||false|false&#8221; global_colors_info=&#8221;{}&#8221;][et_pb_column type=&#8221;4_4&#8243; _builder_version=&#8221;4.22.0&#8243; _module_preset=&#8221;default&#8221; background_color=&#8221;#FFFFFF&#8221; custom_padding=&#8221;15px|15px|15px|15px|true|true&#8221; custom_css_main_element=&#8221;display: flex;||align-items: center;||width: fit-content !important;&#8221; global_colors_info=&#8221;{}&#8221;][et_pb_button button_url=&#8221;@ET-DC@eyJkeW5hbWljIjp0cnVlLCJjb250ZW50IjoiaG9tZV91cmwiLCJzZXR0aW5ncyI6e319@&#8221; button_text=&#8221;Home&#8221; _builder_version=&#8221;4.22.0&#8243; _dynamic_attributes=&#8221;button_url&#8221; _module_preset=&#8221;default&#8221; custom_button=&#8221;on&#8221; button_text_size=&#8221;15px&#8221; button_bg_color=&#8221;RGBA(255,255,255,0)&#8221; button_border_width=&#8221;0px&#8221; button_border_radius=&#8221;0px&#8221; button_icon=&#8221;&#xf015;||fa||900&#8243; button_icon_placement=&#8221;left&#8221; button_on_hover=&#8221;off&#8221; custom_margin=&#8221;||0px||false|false&#8221; custom_padding=&#8221;0px|0px|0px||true|false&#8221; custom_css_before=&#8221;color: var(&#8211;px-color-2);&#8221; custom_css_main_element=&#8221;color: var(&#8211;px-color-2);&#8221; global_colors_info=&#8221;{}&#8221; custom_css_main_element__hover_enabled=&#8221;on|hover&#8221; custom_css_main_element__hover=&#8221;color: var(&#8211;px-color-1);&#8221;][\/et_pb_button][et_pb_button button_url=&#8221;@ET-DC@eyJkeW5hbWljIjp0cnVlLCJjb250ZW50IjoicG9zdF9saW5rX3VybCIsInNldHRpbmdzIjp7fX0=@&#8221; button_text=&#8221;@ET-DC@eyJkeW5hbWljIjp0cnVlLCJjb250ZW50IjoicG9zdF90aXRsZSIsInNldHRpbmdzIjp7ImJlZm9yZSI6IiIsImFmdGVyIjoiIn19@&#8221; _builder_version=&#8221;4.22.0&#8243; _dynamic_attributes=&#8221;button_text,button_url&#8221; _module_preset=&#8221;default&#8221; custom_button=&#8221;on&#8221; button_text_size=&#8221;15px&#8221; button_bg_color=&#8221;RGBA(255,255,255,0)&#8221; button_border_width=&#8221;0px&#8221; button_border_radius=&#8221;0px&#8221; button_icon=&#8221;&#xf101;||fa||900&#8243; button_icon_placement=&#8221;left&#8221; button_on_hover=&#8221;off&#8221; custom_margin=&#8221;||0px||false|false&#8221; custom_padding=&#8221;0px||0px||true|false&#8221; custom_css_before=&#8221;color: var(&#8211;px-color-2);&#8221; custom_css_main_element=&#8221;color: var(&#8211;px-color-2);&#8221; global_colors_info=&#8221;{}&#8221; custom_css_main_element__hover_enabled=&#8221;on|hover&#8221; custom_css_main_element__hover=&#8221;color: var(&#8211;px-color-1);&#8221;][\/et_pb_button][\/et_pb_column][\/et_pb_row][\/et_pb_section][et_pb_section fb_built=&#8221;1&#8243; admin_label=&#8221;FAQ Section&#8221; module_class=&#8221;px_reverse_background_effect px_background&#8221; _builder_version=&#8221;4.18.0&#8243; _module_preset=&#8221;default&#8221; custom_padding=&#8221;||||false|false&#8221; global_colors_info=&#8221;{}&#8221;][et_pb_row _builder_version=&#8221;4.22.1&#8243; _module_preset=&#8221;default&#8221; width_tablet=&#8221;90%&#8221; width_phone=&#8221;90%&#8221; width_last_edited=&#8221;on|tablet&#8221; max_width=&#8221;1200px&#8221; max_width_tablet=&#8221;90%&#8221; max_width_phone=&#8221;90%&#8221; max_width_last_edited=&#8221;on|tablet&#8221; module_alignment=&#8221;center&#8221; global_colors_info=&#8221;{}&#8221;][et_pb_column type=&#8221;4_4&#8243; _builder_version=&#8221;4.18.0&#8243; _module_preset=&#8221;default&#8221; global_colors_info=&#8221;{}&#8221;][et_pb_heading title=&#8221;1. Sobre el Cat\u00e1logo y Servicios&#8221; _builder_version=&#8221;4.27.4&#8243; _module_preset=&#8221;default&#8221; title_level=&#8221;h2&#8243; title_font=&#8221;|600|||||||&#8221; hover_enabled=&#8221;0&#8243; sticky_enabled=&#8221;0&#8243;][\/et_pb_heading][et_pb_accordion module_class=&#8221;px_faqs_v1&#8243; _builder_version=&#8221;4.27.4&#8243; _module_preset=&#8221;default&#8221; toggle_font=&#8221;|700|||||||&#8221; toggle_font_size=&#8221;20px&#8221; toggle_line_height=&#8221;1.4em&#8221; body_font_size=&#8221;16px&#8221; body_line_height=&#8221;1.8em&#8221; hover_enabled=&#8221;0&#8243; toggle_font_size_tablet=&#8221;20px&#8221; toggle_font_size_phone=&#8221;18px&#8221; toggle_font_size_last_edited=&#8221;on|phone&#8221; body_font_size_tablet=&#8221;16px&#8221; body_font_size_phone=&#8221;14px&#8221; body_font_size_last_edited=&#8221;on|phone&#8221; global_colors_info=&#8221;{}&#8221; open_toggle_background_color=&#8221;#ffffff&#8221; sticky_enabled=&#8221;0&#8243;][et_pb_accordion_item title=&#8221;\u00bfQu\u00e9 tipos de trajes y vestidos tienen disponibles en su cat\u00e1logo?&#8221; open=&#8221;on&#8221; _builder_version=&#8221;4.27.4&#8243; _module_preset=&#8221;default&#8221; hover_enabled=&#8221;0&#8243; global_colors_info=&#8221;{}&#8221; sticky_enabled=&#8221;0&#8243; open_toggle_background_color=&#8221;#FFFFFF&#8221; body_line_height=&#8221;1.2em&#8221;]<\/p>\n<p>Ofrecemos la m\u00e1s amplia variedad de trajes y vestidos de gala en Cali, incluyendo: Vestidos para Novia, Trajes para Novio, Vestidos para Quincea\u00f1era, Damas de Honor, Madre de la Novia, Coctel, Primera Comuni\u00f3n y Grados.<\/p>\n<p>[\/et_pb_accordion_item][et_pb_accordion_item title=&#8221;\u00bfLos trajes y vestidos se ofrecen en alquiler o solo en venta?&#8221; _builder_version=&#8221;4.27.4&#8243; _module_preset=&#8221;default&#8221; global_colors_info=&#8221;{}&#8221; open=&#8221;off&#8221; sticky_enabled=&#8221;0&#8243; open_toggle_background_color=&#8221;#FFFFFF&#8221; body_line_height=&#8221;1.2em&#8221;]Somos l\u00edderes tanto en alquiler como en venta de trajes de gala. La mayor\u00eda de nuestras colecciones para eventos se encuentran disponibles bajo ambas modalidades, permiti\u00e9ndole elegir la opci\u00f3n que mejor se adapte a su presupuesto.[\/et_pb_accordion_item][et_pb_accordion_item title=&#8221;\u00bfManejan vestidos de novia importados y dise\u00f1os exclusivos?&#8221; _builder_version=&#8221;4.27.4&#8243; _module_preset=&#8221;default&#8221; global_colors_info=&#8221;{}&#8221; open=&#8221;off&#8221; sticky_enabled=&#8221;0&#8243; open_toggle_background_color=&#8221;#FFFFFF&#8221; body_line_height=&#8221;1.2em&#8221;]S\u00ed. Nos destacamos por ofrecer dise\u00f1os exclusivos, incluyendo vestidos de novia completamente nuevos e importados. Tambi\u00e9n brindamos el servicio de confecci\u00f3n sobre medida para garantizar un look \u00fanico en su d\u00eda especial.[\/et_pb_accordion_item][et_pb_accordion_item title=&#8221;\u00bfTienen un cat\u00e1logo para ver todos los modelos disponibles?&#8221; _builder_version=&#8221;4.27.4&#8243; _module_preset=&#8221;default&#8221; global_colors_info=&#8221;{}&#8221; open=&#8221;off&#8221; open_toggle_background_color=&#8221;#FFFFFF&#8221; body_line_height=&#8221;1.2em&#8221; hover_enabled=&#8221;0&#8243; sticky_enabled=&#8221;0&#8243;]<\/p>\n<p><strong>Aqu\u00ed, en nuestro sitio web<\/strong>, <strong>en el men\u00fa cat\u00e1logo<\/strong>, puede ver una selecci\u00f3n de nuestras colecciones m\u00e1s populares. Sin embargo, si desea apreciar la variedad completa, las telas, colores, texturas, dise\u00f1os exclusivos y la disponibilidad de tallas, le recomendamos visitar nuestras sedes en Cali.<\/p>\n<p>[\/et_pb_accordion_item][\/et_pb_accordion][\/et_pb_column][\/et_pb_row][et_pb_row _builder_version=&#8221;4.22.1&#8243; _module_preset=&#8221;default&#8221; width_tablet=&#8221;90%&#8221; width_phone=&#8221;90%&#8221; width_last_edited=&#8221;on|tablet&#8221; max_width=&#8221;1200px&#8221; max_width_tablet=&#8221;90%&#8221; max_width_phone=&#8221;90%&#8221; max_width_last_edited=&#8221;on|tablet&#8221; module_alignment=&#8221;center&#8221; global_colors_info=&#8221;{}&#8221;][et_pb_column type=&#8221;4_4&#8243; _builder_version=&#8221;4.18.0&#8243; _module_preset=&#8221;default&#8221; global_colors_info=&#8221;{}&#8221;][et_pb_heading title=&#8221;2. Sobre la Log\u00edstica y Ajustes&#8221; _builder_version=&#8221;4.27.4&#8243; _module_preset=&#8221;default&#8221; title_level=&#8221;h2&#8243; title_font=&#8221;|600|||||||&#8221; hover_enabled=&#8221;0&#8243; sticky_enabled=&#8221;0&#8243;][\/et_pb_heading][et_pb_accordion module_class=&#8221;px_faqs_v1&#8243; _builder_version=&#8221;4.27.4&#8243; _module_preset=&#8221;default&#8221; toggle_font=&#8221;|700|||||||&#8221; toggle_font_size=&#8221;20px&#8221; toggle_line_height=&#8221;1.4em&#8221; body_font_size=&#8221;16px&#8221; body_line_height=&#8221;1.8em&#8221; hover_enabled=&#8221;0&#8243; toggle_font_size_tablet=&#8221;20px&#8221; toggle_font_size_phone=&#8221;18px&#8221; toggle_font_size_last_edited=&#8221;on|phone&#8221; body_font_size_tablet=&#8221;16px&#8221; body_font_size_phone=&#8221;14px&#8221; body_font_size_last_edited=&#8221;on|phone&#8221; global_colors_info=&#8221;{}&#8221; open_toggle_background_color=&#8221;#ffffff&#8221; sticky_enabled=&#8221;0&#8243;][et_pb_accordion_item title=&#8221;\u00bfCon cu\u00e1nto tiempo de anticipaci\u00f3n debo visitarlos para elegir mi traje o vestido?&#8221; open=&#8221;on&#8221; _builder_version=&#8221;4.27.4&#8243; _module_preset=&#8221;default&#8221; hover_enabled=&#8221;0&#8243; global_colors_info=&#8221;{}&#8221; sticky_enabled=&#8221;0&#8243; open_toggle_background_color=&#8221;#FFFFFF&#8221; body_line_height=&#8221;1.2em&#8221;]<\/p>\n<p>Recomendamos visitar la tienda con 3 a 6 meses de anticipaci\u00f3n para asegurar la disponibilidad en las colecciones m\u00e1s solicitadas, especialmente para <strong>bodas<\/strong>. Atendemos a nuestros clientes por orden de llegada, por lo que no es necesario agendar cita.<\/p>\n<p>[\/et_pb_accordion_item][et_pb_accordion_item title=&#8221;\u00bfOfrecen servicio de ajuste o sastrer\u00eda personalizado?&#8221; _builder_version=&#8221;4.27.4&#8243; _module_preset=&#8221;default&#8221; global_colors_info=&#8221;{}&#8221; open=&#8221;off&#8221; sticky_enabled=&#8221;0&#8243; open_toggle_background_color=&#8221;#FFFFFF&#8221; body_line_height=&#8221;1.2em&#8221; hover_enabled=&#8221;0&#8243;]Absolutamente. Ofrecemos el servicio de ajuste personalizado para garantizar que el traje o vestido se adapte perfectamente a sus medidas (busto, cintura, caderas), asegurando que luzca impecable en su evento.[\/et_pb_accordion_item][et_pb_accordion_item title=&#8221;\u00bfOfrecen asesor\u00eda de imagen?&#8221; _builder_version=&#8221;4.27.4&#8243; _module_preset=&#8221;default&#8221; global_colors_info=&#8221;{}&#8221; open=&#8221;off&#8221; sticky_enabled=&#8221;0&#8243; open_toggle_background_color=&#8221;#FFFFFF&#8221; body_line_height=&#8221;1.2em&#8221; hover_enabled=&#8221;0&#8243;]S\u00ed, contamos con un equipo de expertos en moda y asesores de imagen que est\u00e1n dedicados a guiarle en la selecci\u00f3n y los detalles para que encuentre el look perfecto para cualquier ocasi\u00f3n.[\/et_pb_accordion_item][\/et_pb_accordion][\/et_pb_column][\/et_pb_row][et_pb_row _builder_version=&#8221;4.22.1&#8243; _module_preset=&#8221;default&#8221; width_tablet=&#8221;90%&#8221; width_phone=&#8221;90%&#8221; width_last_edited=&#8221;on|tablet&#8221; max_width=&#8221;1200px&#8221; max_width_tablet=&#8221;90%&#8221; max_width_phone=&#8221;90%&#8221; max_width_last_edited=&#8221;on|tablet&#8221; module_alignment=&#8221;center&#8221; global_colors_info=&#8221;{}&#8221;][et_pb_column type=&#8221;4_4&#8243; _builder_version=&#8221;4.18.0&#8243; _module_preset=&#8221;default&#8221; global_colors_info=&#8221;{}&#8221;][et_pb_heading title=&#8221;3. Sobre Precios y Pol\u00edticas&#8221; _builder_version=&#8221;4.27.4&#8243; _module_preset=&#8221;default&#8221; title_level=&#8221;h2&#8243; title_font=&#8221;|600|||||||&#8221; hover_enabled=&#8221;0&#8243; sticky_enabled=&#8221;0&#8243;][\/et_pb_heading][et_pb_accordion module_class=&#8221;px_faqs_v1&#8243; _builder_version=&#8221;4.27.4&#8243; _module_preset=&#8221;default&#8221; toggle_font=&#8221;|700|||||||&#8221; toggle_font_size=&#8221;20px&#8221; toggle_line_height=&#8221;1.4em&#8221; body_font_size=&#8221;16px&#8221; body_line_height=&#8221;1.8em&#8221; hover_enabled=&#8221;0&#8243; toggle_font_size_tablet=&#8221;20px&#8221; toggle_font_size_phone=&#8221;18px&#8221; toggle_font_size_last_edited=&#8221;on|phone&#8221; body_font_size_tablet=&#8221;16px&#8221; body_font_size_phone=&#8221;14px&#8221; body_font_size_last_edited=&#8221;on|phone&#8221; global_colors_info=&#8221;{}&#8221; open_toggle_background_color=&#8221;#ffffff&#8221; sticky_enabled=&#8221;0&#8243;][et_pb_accordion_item title=&#8221;\u00bfCu\u00e1l es la pol\u00edtica de garant\u00eda o dep\u00f3sito de seguridad para el alquiler?&#8221; open=&#8221;on&#8221; _builder_version=&#8221;4.27.4&#8243; _module_preset=&#8221;default&#8221; hover_enabled=&#8221;0&#8243; global_colors_info=&#8221;{}&#8221; sticky_enabled=&#8221;0&#8243; open_toggle_background_color=&#8221;#FFFFFF&#8221; body_line_height=&#8221;1.2em&#8221;]Se requiere un dep\u00f3sito de seguridad al momento de formalizar el alquiler. Este dep\u00f3sito le ser\u00e1 reembolsado una vez que el traje sea devuelto a tiempo y en las condiciones acordadas.[\/et_pb_accordion_item][et_pb_accordion_item title=&#8221;\u00bfQu\u00e9 sucede si el traje se da\u00f1a o se mancha durante el evento?&#8221; _builder_version=&#8221;4.27.4&#8243; _module_preset=&#8221;default&#8221; global_colors_info=&#8221;{}&#8221; open=&#8221;off&#8221; sticky_enabled=&#8221;0&#8243; open_toggle_background_color=&#8221;#FFFFFF&#8221; body_line_height=&#8221;1.2em&#8221; hover_enabled=&#8221;0&#8243;]Contamos con una pol\u00edtica que cubre los da\u00f1os menores habituales. En caso de da\u00f1os graves o irreparables, la p\u00e9rdida se cubrir\u00e1 mediante el dep\u00f3sito o se aplicar\u00e1n cargos adicionales seg\u00fan lo estipulado en el contrato de alquiler.[\/et_pb_accordion_item][\/et_pb_accordion][\/et_pb_column][\/et_pb_row][et_pb_row _builder_version=&#8221;4.22.1&#8243; _module_preset=&#8221;default&#8221; width_tablet=&#8221;90%&#8221; width_phone=&#8221;90%&#8221; width_last_edited=&#8221;on|tablet&#8221; max_width=&#8221;1200px&#8221; max_width_tablet=&#8221;90%&#8221; max_width_phone=&#8221;90%&#8221; max_width_last_edited=&#8221;on|tablet&#8221; module_alignment=&#8221;center&#8221; global_colors_info=&#8221;{}&#8221;][et_pb_column type=&#8221;4_4&#8243; _builder_version=&#8221;4.18.0&#8243; _module_preset=&#8221;default&#8221; global_colors_info=&#8221;{}&#8221;][et_pb_heading title=&#8221;4. Sobre la Ubicaci\u00f3n y Horarios&#8221; _builder_version=&#8221;4.27.4&#8243; _module_preset=&#8221;default&#8221; title_level=&#8221;h2&#8243; title_font=&#8221;|600|||||||&#8221; hover_enabled=&#8221;0&#8243; sticky_enabled=&#8221;0&#8243;][\/et_pb_heading][et_pb_accordion module_class=&#8221;px_faqs_v1&#8243; _builder_version=&#8221;4.27.4&#8243; _module_preset=&#8221;default&#8221; toggle_font=&#8221;|700|||||||&#8221; toggle_font_size=&#8221;20px&#8221; toggle_line_height=&#8221;1.4em&#8221; body_font_size=&#8221;16px&#8221; body_line_height=&#8221;1.8em&#8221; hover_enabled=&#8221;0&#8243; toggle_font_size_tablet=&#8221;20px&#8221; toggle_font_size_phone=&#8221;18px&#8221; toggle_font_size_last_edited=&#8221;on|phone&#8221; body_font_size_tablet=&#8221;16px&#8221; body_font_size_phone=&#8221;14px&#8221; body_font_size_last_edited=&#8221;on|phone&#8221; global_colors_info=&#8221;{}&#8221; open_toggle_background_color=&#8221;#ffffff&#8221; sticky_enabled=&#8221;0&#8243;][et_pb_accordion_item title=&#8221;\u00bfD\u00f3nde est\u00e1n ubicados?&#8221; open=&#8221;on&#8221; _builder_version=&#8221;4.27.4&#8243; _module_preset=&#8221;default&#8221; hover_enabled=&#8221;0&#8243; global_colors_info=&#8221;{}&#8221; sticky_enabled=&#8221;0&#8243; open_toggle_background_color=&#8221;#FFFFFF&#8221; body_line_height=&#8221;1.2em&#8221;]Contamos con dos sedes en Cali para su comodidad (Norte y Sur). Puede encontrar las direcciones completas y n\u00fameros de tel\u00e9fono espec\u00edficos en nuestra secci\u00f3n de <span><a href=\"\/contactenos\/\" style=\"color: #c81e18;\"><strong>Contacto<\/strong><\/a><\/span>.[\/et_pb_accordion_item][et_pb_accordion_item title=&#8221;\u00bfCu\u00e1les son sus horarios de atenci\u00f3n?&#8221; open=&#8221;off&#8221; _builder_version=&#8221;4.27.4&#8243; _module_preset=&#8221;default&#8221; hover_enabled=&#8221;0&#8243; global_colors_info=&#8221;{}&#8221; sticky_enabled=&#8221;0&#8243; open_toggle_background_color=&#8221;#FFFFFF&#8221; body_line_height=&#8221;1.2em&#8221;]<\/p>\n<p><strong>Atendemos de Lunes a S\u00e1bado<\/strong> de 9AM a 6PM en jornada cont\u00ednua.\u00a0<\/p>\n<p>[\/et_pb_accordion_item][\/et_pb_accordion][\/et_pb_column][\/et_pb_row][\/et_pb_section]<\/p>\n","protected":false},"excerpt":{"rendered":"<p>Ofrecemos la m\u00e1s amplia variedad de trajes y vestidos de gala en Cali, incluyendo: Vestidos para Novia, Trajes para Novio, Vestidos para Quincea\u00f1era, Damas de Honor, Madre de la Novia, Coctel, Primera Comuni\u00f3n y Grados.Somos l\u00edderes tanto en alquiler como en venta de trajes de gala. La mayor\u00eda de nuestras colecciones para eventos se encuentran [&hellip;]<\/p>\n","protected":false},"author":1,"featured_media":0,"parent":0,"menu_order":0,"comment_status":"closed","ping_status":"closed","template":"","meta":{"_et_pb_use_builder":"on","_et_pb_old_content":"","_et_gb_content_width":"","footnotes":""},"class_list":["post-91275","page","type-page","status-publish","hentry"],"_links":{"self":[{"href":"https:\/\/www.orlandomarmolejo.net\/es\/wp-json\/wp\/v2\/pages\/91275","targetHints":{"allow":["GET"]}}],"collection":[{"href":"https:\/\/www.orlandomarmolejo.net\/es\/wp-json\/wp\/v2\/pages"}],"about":[{"href":"https:\/\/www.orlandomarmolejo.net\/es\/wp-json\/wp\/v2\/types\/page"}],"author":[{"embeddable":true,"href":"https:\/\/www.orlandomarmolejo.net\/es\/wp-json\/wp\/v2\/users\/1"}],"replies":[{"embeddable":true,"href":"https:\/\/www.orlandomarmolejo.net\/es\/wp-json\/wp\/v2\/comments?post=91275"}],"version-history":[{"count":3,"href":"https:\/\/www.orlandomarmolejo.net\/es\/wp-json\/wp\/v2\/pages\/91275\/revisions"}],"predecessor-version":[{"id":100796,"href":"https:\/\/www.orlandomarmolejo.net\/es\/wp-json\/wp\/v2\/pages\/91275\/revisions\/100796"}],"wp:attachment":[{"href":"https:\/\/www.orlandomarmolejo.net\/es\/wp-json\/wp\/v2\/media?parent=91275"}],"curies":[{"name":"wp","href":"https:\/\/api.w.org\/{rel}","templated":true}]}}