{"id":100981,"date":"2026-02-14T11:24:18","date_gmt":"2026-02-14T16:24:18","guid":{"rendered":"https:\/\/www.orlandomarmolejo.net\/?post_type=product&#038;p=100981"},"modified":"2026-02-14T11:24:19","modified_gmt":"2026-02-14T16:24:19","slug":"lunetta-8292","status":"publish","type":"product","link":"https:\/\/www.orlandomarmolejo.net\/es\/producto\/lunetta-8292\/","title":{"rendered":"Lunetta-8292"},"content":{"rendered":"<p>Este hermoso vestido de novia Lunetta de dise\u00f1o con tirantes finos luce impresionantes cuentas, bordados y apliques en un dise\u00f1o de red intrincado. el escote en V completa la silueta de este vestido de novia de dise\u00f1o<\/p>","protected":false},"excerpt":{"rendered":"<p>Este hermoso vestido de novia Lunetta de dise\u00f1o con tirantes finos luce impresionantes cuentas, bordados y apliques en un dise\u00f1o de red intrincado. el escote en V completa la silueta de este vestido de novia de dise\u00f1o<\/p>","protected":false},"featured_media":100986,"template":"","meta":{"_et_pb_use_builder":"","_et_pb_old_content":"","_et_gb_content_width":""},"product_brand":[106],"product_cat":[47],"product_tag":[],"class_list":{"0":"post-100981","1":"product","2":"type-product","3":"status-publish","4":"has-post-thumbnail","6":"product_brand-morilee","7":"product_cat-vestidos-para-novias","9":"first","10":"instock","11":"shipping-taxable","12":"product-type-simple"},"_links":{"self":[{"href":"https:\/\/www.orlandomarmolejo.net\/es\/wp-json\/wp\/v2\/product\/100981","targetHints":{"allow":["GET"]}}],"collection":[{"href":"https:\/\/www.orlandomarmolejo.net\/es\/wp-json\/wp\/v2\/product"}],"about":[{"href":"https:\/\/www.orlandomarmolejo.net\/es\/wp-json\/wp\/v2\/types\/product"}],"wp:featuredmedia":[{"embeddable":true,"href":"https:\/\/www.orlandomarmolejo.net\/es\/wp-json\/wp\/v2\/media\/100986"}],"wp:attachment":[{"href":"https:\/\/www.orlandomarmolejo.net\/es\/wp-json\/wp\/v2\/media?parent=100981"}],"wp:term":[{"taxonomy":"product_brand","embeddable":true,"href":"https:\/\/www.orlandomarmolejo.net\/es\/wp-json\/wp\/v2\/product_brand?post=100981"},{"taxonomy":"product_cat","embeddable":true,"href":"https:\/\/www.orlandomarmolejo.net\/es\/wp-json\/wp\/v2\/product_cat?post=100981"},{"taxonomy":"product_tag","embeddable":true,"href":"https:\/\/www.orlandomarmolejo.net\/es\/wp-json\/wp\/v2\/product_tag?post=100981"}],"curies":[{"name":"wp","href":"https:\/\/api.w.org\/{rel}","templated":true}]}}