{"id":101100,"date":"2026-04-03T23:38:41","date_gmt":"2026-04-04T04:38:41","guid":{"rendered":"https:\/\/www.orlandomarmolejo.net\/?post_type=product&#038;p=101100"},"modified":"2026-04-03T23:38:41","modified_gmt":"2026-04-04T04:38:41","slug":"vestido-quinceanera-89503","status":"publish","type":"product","link":"https:\/\/www.orlandomarmolejo.net\/es\/producto\/vestido-quinceanera-89503\/","title":{"rendered":"Vestido quincea\u00f1era-89503"},"content":{"rendered":"<p><span dir=\"auto\">Este glamuroso vestido de gala presenta un escote coraz\u00f3n modificado sobre un corpi\u00f1o de cors\u00e9 transparente con cuentas de cristal y una gran cascada floral de rosetas en 3D sobre tul brillante.<\/span><\/p>\n<div id=\"prodKeywords\"><\/div>","protected":false},"excerpt":{"rendered":"<p>Este glamuroso vestido de gala presenta un escote coraz\u00f3n modificado sobre un corpi\u00f1o de cors\u00e9 transparente con cuentas de cristal y una gran cascada floral de rosetas en 3D sobre tul brillante.<\/p>","protected":false},"featured_media":101107,"template":"","meta":{"_et_pb_use_builder":"","_et_pb_old_content":"","_et_gb_content_width":""},"product_brand":[106],"product_cat":[51],"product_tag":[],"class_list":{"0":"post-101100","1":"product","2":"type-product","3":"status-publish","4":"has-post-thumbnail","6":"product_brand-morilee","7":"product_cat-vestidos-para-quinceanera","9":"first","10":"instock","11":"shipping-taxable","12":"product-type-simple"},"_links":{"self":[{"href":"https:\/\/www.orlandomarmolejo.net\/es\/wp-json\/wp\/v2\/product\/101100","targetHints":{"allow":["GET"]}}],"collection":[{"href":"https:\/\/www.orlandomarmolejo.net\/es\/wp-json\/wp\/v2\/product"}],"about":[{"href":"https:\/\/www.orlandomarmolejo.net\/es\/wp-json\/wp\/v2\/types\/product"}],"wp:featuredmedia":[{"embeddable":true,"href":"https:\/\/www.orlandomarmolejo.net\/es\/wp-json\/wp\/v2\/media\/101107"}],"wp:attachment":[{"href":"https:\/\/www.orlandomarmolejo.net\/es\/wp-json\/wp\/v2\/media?parent=101100"}],"wp:term":[{"taxonomy":"product_brand","embeddable":true,"href":"https:\/\/www.orlandomarmolejo.net\/es\/wp-json\/wp\/v2\/product_brand?post=101100"},{"taxonomy":"product_cat","embeddable":true,"href":"https:\/\/www.orlandomarmolejo.net\/es\/wp-json\/wp\/v2\/product_cat?post=101100"},{"taxonomy":"product_tag","embeddable":true,"href":"https:\/\/www.orlandomarmolejo.net\/es\/wp-json\/wp\/v2\/product_tag?post=101100"}],"curies":[{"name":"wp","href":"https:\/\/api.w.org\/{rel}","templated":true}]}}