{"id":101200,"date":"2026-04-20T17:54:16","date_gmt":"2026-04-20T22:54:16","guid":{"rendered":"https:\/\/www.orlandomarmolejo.net\/?post_type=product&#038;p=101200"},"modified":"2026-04-20T17:54:16","modified_gmt":"2026-04-20T22:54:16","slug":"vestido-gala-47025","status":"publish","type":"product","link":"https:\/\/www.orlandomarmolejo.net\/es\/producto\/vestido-gala-47025\/","title":{"rendered":"Vestido Gala 47025"},"content":{"rendered":"<p>Prep\u00e1rate para ser el centro de todas las miradas al entrar a tu evento especial luciendo esta rom\u00e1ntica obra maestra.. Este vestido es la personificaci\u00f3n de la sofisticaci\u00f3n, confeccionado en un elegante tejido de punto que te brinda la elasticidad justa. Presenta un corpi\u00f1o sin mangas con escote en V, una falda que se conecta creando un corpi\u00f1o invertido y seductores recortes laterales sobre la cintura. La espalda luce un estilo a juego con un recorte en forma de diamante que se extiende hasta la parte baja de la espalda, a\u00f1adiendo un toque sensual. Convi\u00e9rtete en una visi\u00f3n de belleza con este espectacular vestido<\/p>","protected":false},"excerpt":{"rendered":"<p>Prep\u00e1rate para ser el centro de todas las miradas al entrar a tu evento especial luciendo esta rom\u00e1ntica obra maestra.. Este vestido es la personificaci\u00f3n de la sofisticaci\u00f3n, confeccionado en un elegante tejido de punto que te brinda la elasticidad justa. Presenta un corpi\u00f1o sin mangas con escote en V, una falda que se conecta [&hellip;]<\/p>\n","protected":false},"featured_media":101205,"template":"","meta":{"_et_pb_use_builder":"","_et_pb_old_content":"","_et_gb_content_width":""},"product_brand":[],"product_cat":[53],"product_tag":[],"class_list":{"0":"post-101200","1":"product","2":"type-product","3":"status-publish","4":"has-post-thumbnail","6":"product_cat-vestidos-para-grados","8":"first","9":"instock","10":"shipping-taxable","11":"product-type-simple"},"_links":{"self":[{"href":"https:\/\/www.orlandomarmolejo.net\/es\/wp-json\/wp\/v2\/product\/101200","targetHints":{"allow":["GET"]}}],"collection":[{"href":"https:\/\/www.orlandomarmolejo.net\/es\/wp-json\/wp\/v2\/product"}],"about":[{"href":"https:\/\/www.orlandomarmolejo.net\/es\/wp-json\/wp\/v2\/types\/product"}],"wp:featuredmedia":[{"embeddable":true,"href":"https:\/\/www.orlandomarmolejo.net\/es\/wp-json\/wp\/v2\/media\/101205"}],"wp:attachment":[{"href":"https:\/\/www.orlandomarmolejo.net\/es\/wp-json\/wp\/v2\/media?parent=101200"}],"wp:term":[{"taxonomy":"product_brand","embeddable":true,"href":"https:\/\/www.orlandomarmolejo.net\/es\/wp-json\/wp\/v2\/product_brand?post=101200"},{"taxonomy":"product_cat","embeddable":true,"href":"https:\/\/www.orlandomarmolejo.net\/es\/wp-json\/wp\/v2\/product_cat?post=101200"},{"taxonomy":"product_tag","embeddable":true,"href":"https:\/\/www.orlandomarmolejo.net\/es\/wp-json\/wp\/v2\/product_tag?post=101200"}],"curies":[{"name":"wp","href":"https:\/\/api.w.org\/{rel}","templated":true}]}}