{"id":101232,"date":"2026-04-20T18:27:00","date_gmt":"2026-04-20T23:27:00","guid":{"rendered":"https:\/\/www.orlandomarmolejo.net\/?post_type=product&#038;p=101232"},"modified":"2026-04-20T18:27:01","modified_gmt":"2026-04-20T23:27:01","slug":"vestido-gala-48007","status":"publish","type":"product","link":"https:\/\/www.orlandomarmolejo.net\/es\/producto\/vestido-gala-48007\/","title":{"rendered":"Vestido Gala 48007"},"content":{"rendered":"<p>Este cl\u00e1sico vestido de fiesta de corte A presenta un corpi\u00f1o transparente con escote en V profundo y una falda fluida con un dise\u00f1o brillante y detalles de cuentas relucientes. Los tirantes finos se cruzan en la espalda y se unen en la parte posterior con un cors\u00e9 de cordones.<\/p>","protected":false},"excerpt":{"rendered":"<p>Este cl\u00e1sico vestido de fiesta de corte A presenta un corpi\u00f1o transparente con escote en V profundo y una falda fluida con un dise\u00f1o brillante y detalles de cuentas relucientes. Los tirantes finos se cruzan en la espalda y se unen en la parte posterior con un cors\u00e9 de cordones.<\/p>","protected":false},"featured_media":101235,"template":"","meta":{"_et_pb_use_builder":"","_et_pb_old_content":"","_et_gb_content_width":""},"product_brand":[],"product_cat":[53],"product_tag":[],"class_list":{"0":"post-101232","1":"product","2":"type-product","3":"status-publish","4":"has-post-thumbnail","6":"product_cat-vestidos-para-grados","8":"first","9":"instock","10":"shipping-taxable","11":"product-type-simple"},"_links":{"self":[{"href":"https:\/\/www.orlandomarmolejo.net\/es\/wp-json\/wp\/v2\/product\/101232","targetHints":{"allow":["GET"]}}],"collection":[{"href":"https:\/\/www.orlandomarmolejo.net\/es\/wp-json\/wp\/v2\/product"}],"about":[{"href":"https:\/\/www.orlandomarmolejo.net\/es\/wp-json\/wp\/v2\/types\/product"}],"wp:featuredmedia":[{"embeddable":true,"href":"https:\/\/www.orlandomarmolejo.net\/es\/wp-json\/wp\/v2\/media\/101235"}],"wp:attachment":[{"href":"https:\/\/www.orlandomarmolejo.net\/es\/wp-json\/wp\/v2\/media?parent=101232"}],"wp:term":[{"taxonomy":"product_brand","embeddable":true,"href":"https:\/\/www.orlandomarmolejo.net\/es\/wp-json\/wp\/v2\/product_brand?post=101232"},{"taxonomy":"product_cat","embeddable":true,"href":"https:\/\/www.orlandomarmolejo.net\/es\/wp-json\/wp\/v2\/product_cat?post=101232"},{"taxonomy":"product_tag","embeddable":true,"href":"https:\/\/www.orlandomarmolejo.net\/es\/wp-json\/wp\/v2\/product_tag?post=101232"}],"curies":[{"name":"wp","href":"https:\/\/api.w.org\/{rel}","templated":true}]}}