{"id":101271,"date":"2026-04-20T19:00:52","date_gmt":"2026-04-21T00:00:52","guid":{"rendered":"https:\/\/www.orlandomarmolejo.net\/?post_type=product&#038;p=101271"},"modified":"2026-04-20T19:00:53","modified_gmt":"2026-04-21T00:00:53","slug":"vestido-gala-48014","status":"publish","type":"product","link":"https:\/\/www.orlandomarmolejo.net\/es\/producto\/vestido-gala-48014\/","title":{"rendered":"Vestido Gala 48014"},"content":{"rendered":"<p>Luce un estilo impactante con este vestido. Este vestido presenta detalles que realzan la figura, como un corpi\u00f1o con cordones y escote coraz\u00f3n, combinado con un dise\u00f1o cruzado en la espalda. Adem\u00e1s, este vestido largo de corte recto se ha dise\u00f1ado para ser a\u00fan m\u00e1s deslumbrante con la incorporaci\u00f3n de elementos como una abertura frontal en la falda que complementa su ajuste, adornada con cuentas exquisitamente colocadas. Disfruta de la noche con esta espectacular pieza.<\/p>","protected":false},"excerpt":{"rendered":"<p>Luce un estilo impactante con este vestido. Este vestido presenta detalles que realzan la figura, como un corpi\u00f1o con cordones y escote coraz\u00f3n, combinado con un dise\u00f1o cruzado en la espalda. Adem\u00e1s, este vestido largo de corte recto se ha dise\u00f1ado para ser a\u00fan m\u00e1s deslumbrante con la incorporaci\u00f3n de elementos como una abertura frontal [&hellip;]<\/p>\n","protected":false},"featured_media":101274,"template":"","meta":{"_et_pb_use_builder":"","_et_pb_old_content":"","_et_gb_content_width":""},"product_brand":[],"product_cat":[53],"product_tag":[],"class_list":{"0":"post-101271","1":"product","2":"type-product","3":"status-publish","4":"has-post-thumbnail","6":"product_cat-vestidos-para-grados","8":"first","9":"instock","10":"shipping-taxable","11":"product-type-simple"},"_links":{"self":[{"href":"https:\/\/www.orlandomarmolejo.net\/es\/wp-json\/wp\/v2\/product\/101271","targetHints":{"allow":["GET"]}}],"collection":[{"href":"https:\/\/www.orlandomarmolejo.net\/es\/wp-json\/wp\/v2\/product"}],"about":[{"href":"https:\/\/www.orlandomarmolejo.net\/es\/wp-json\/wp\/v2\/types\/product"}],"wp:featuredmedia":[{"embeddable":true,"href":"https:\/\/www.orlandomarmolejo.net\/es\/wp-json\/wp\/v2\/media\/101274"}],"wp:attachment":[{"href":"https:\/\/www.orlandomarmolejo.net\/es\/wp-json\/wp\/v2\/media?parent=101271"}],"wp:term":[{"taxonomy":"product_brand","embeddable":true,"href":"https:\/\/www.orlandomarmolejo.net\/es\/wp-json\/wp\/v2\/product_brand?post=101271"},{"taxonomy":"product_cat","embeddable":true,"href":"https:\/\/www.orlandomarmolejo.net\/es\/wp-json\/wp\/v2\/product_cat?post=101271"},{"taxonomy":"product_tag","embeddable":true,"href":"https:\/\/www.orlandomarmolejo.net\/es\/wp-json\/wp\/v2\/product_tag?post=101271"}],"curies":[{"name":"wp","href":"https:\/\/api.w.org\/{rel}","templated":true}]}}