{"id":101277,"date":"2026-04-20T19:04:22","date_gmt":"2026-04-21T00:04:22","guid":{"rendered":"https:\/\/www.orlandomarmolejo.net\/?post_type=product&#038;p=101277"},"modified":"2026-04-20T19:04:23","modified_gmt":"2026-04-21T00:04:23","slug":"vestido-gala-48015","status":"publish","type":"product","link":"https:\/\/www.orlandomarmolejo.net\/es\/producto\/vestido-gala-48015\/","title":{"rendered":"Vestido Gala 48015"},"content":{"rendered":"<p>Este deslumbrante vestido con escote asim\u00e9trico te dar\u00e1 un toque \u00fanico para que destaques. El vestido, confeccionado en jersey brillante, presenta sensuales aberturas laterales y un impresionante detalle de guante en un solo hombro.<\/p>","protected":false},"excerpt":{"rendered":"<p>Este deslumbrante vestido con escote asim\u00e9trico te dar\u00e1 un toque \u00fanico para que destaques. El vestido, confeccionado en jersey brillante, presenta sensuales aberturas laterales y un impresionante detalle de guante en un solo hombro.<\/p>","protected":false},"featured_media":101280,"template":"","meta":{"_et_pb_use_builder":"","_et_pb_old_content":"","_et_gb_content_width":""},"product_brand":[],"product_cat":[53],"product_tag":[],"class_list":{"0":"post-101277","1":"product","2":"type-product","3":"status-publish","4":"has-post-thumbnail","6":"product_cat-vestidos-para-grados","8":"first","9":"instock","10":"shipping-taxable","11":"product-type-simple"},"_links":{"self":[{"href":"https:\/\/www.orlandomarmolejo.net\/es\/wp-json\/wp\/v2\/product\/101277","targetHints":{"allow":["GET"]}}],"collection":[{"href":"https:\/\/www.orlandomarmolejo.net\/es\/wp-json\/wp\/v2\/product"}],"about":[{"href":"https:\/\/www.orlandomarmolejo.net\/es\/wp-json\/wp\/v2\/types\/product"}],"wp:featuredmedia":[{"embeddable":true,"href":"https:\/\/www.orlandomarmolejo.net\/es\/wp-json\/wp\/v2\/media\/101280"}],"wp:attachment":[{"href":"https:\/\/www.orlandomarmolejo.net\/es\/wp-json\/wp\/v2\/media?parent=101277"}],"wp:term":[{"taxonomy":"product_brand","embeddable":true,"href":"https:\/\/www.orlandomarmolejo.net\/es\/wp-json\/wp\/v2\/product_brand?post=101277"},{"taxonomy":"product_cat","embeddable":true,"href":"https:\/\/www.orlandomarmolejo.net\/es\/wp-json\/wp\/v2\/product_cat?post=101277"},{"taxonomy":"product_tag","embeddable":true,"href":"https:\/\/www.orlandomarmolejo.net\/es\/wp-json\/wp\/v2\/product_tag?post=101277"}],"curies":[{"name":"wp","href":"https:\/\/api.w.org\/{rel}","templated":true}]}}